{"id":375,"date":"2016-07-13T16:07:29","date_gmt":"2016-07-13T14:07:29","guid":{"rendered":"http:\/\/www.maquette.lu\/?page_id=375"},"modified":"2021-05-18T15:26:38","modified_gmt":"2021-05-18T13:26:38","slug":"atelier","status":"publish","type":"page","link":"https:\/\/www.maquette.lu\/de\/atelier\/","title":{"rendered":"\u00fcber uns"},"content":{"rendered":"<h4 style=\"text-align: left;\"><a href=\"http:\/\/www.maquette.lu\/de\/contact\/\"><b>Die Werkstatt<\/b><\/a><\/h4>\n<p style=\"text-align: left;\">Die Werkstatt befindet sich in Steinsel, nur wenige Minuten von der Hauptstadt entfernt und in der N\u00e4he der Autobahnen sowie des Flughafens. In der Werkstatt realisieren wir Modelle f\u00fcr Architekten, Stadtplaner, Entwickler, Bauherren, Gemeinde sowie f\u00fcr Privatpersonen.<\/p>\n<h4 style=\"text-align: left;\"><a href=\"http:\/\/www.maquette.lu\/de\/equipe_photo\/\"><b>Das Team<\/b><\/a><\/h4>\n<p style=\"text-align: left;\">Die Werkstatt vereint mit  Christine Franck und Tom Schmit, zwei Spezialisten auf diesem Gebiet, welche die fortschrittlichsten Techniken perfektioniert haben und \u00fcber 30 Jahren Erfahrung in der Aus\u00fcbung dieses Handwerkes haben. Sie verbinden \u00e4sthetisches Gesp\u00fcr mit der Pr\u00e4zision und handwerkliche Virtuosit\u00e4t. \nDer Entwurf und die Realisierung erfolgen nach dem Studieren von digitalen und Papierpl\u00e4nen, von In-situ-Messungen, von historischen Dokumenten, von Archiven oder Fotografien. Unser Team bietet Ihnen eine pers\u00f6nliche Betreuung vom Entwurf bis zur endg\u00fcltigen Realisierung Ihres Projekts, kostenloser Kostenvoranschlag inklusive.<\/p>\n<h4 style=\"text-align: left;\"><a href=\"https:\/\/www.maquette.lu\/de\/service\/\"><b>Ausr\u00fcstung<\/b><\/a><\/h4>\n<p style=\"text-align: left;\">Die Werkstatt verf\u00fcgt \u00fcber alle traditionellen Mittel zum S\u00e4gen, Schneiden und Fr\u00e4sen, setzt aber auch innovative Technologien wie Laserschneiden, CNC-Fr\u00e4sen, 3D-Druck sowie chemische Gravur und Siebdruck ein, was die Garantie f\u00fcr perfekt gefertigte Einzelst\u00fccke unter strikter Einhaltung der Fristen erm\u00f6glich.<\/p>\n<h4 class=\"p1\"><a href=\"http:\/\/www.maquette.lu\/de\/projet\/\"><span class=\"s1\">Das Produkt<\/span><\/a><\/h4>\n<p class=\"p1\"><span class=\"s1\">Die richtige Auswahl der Materialien - Plexiglas, Holz, Simplex, Polyurethanschaum, Kork und Karton - richtet sich nach der Wahl des Kunden und nach den jeweiligen technischen und fertigungstechnischen M\u00f6glichkeiten. &nbsp;&nbsp;<\/span><\/p>\n<p class=\"p1\"><span class=\"s1\">Je nach Wunschausf\u00fchrung fertigen wir Ihnen feste oder abnehmbare Modelle, mit Animation, Beleuchtung, Szenografie, mit Acrylglashaube, auf einem Sockel oder auch auf einem St\u00e4nder sowie mit einer Verpackung auf Ma\u00df.<\/span><\/p>\n<h4 style=\"text-align: left;\"><\/h4>\n<h4 style=\"text-align: left;\"><\/h4>","protected":false},"excerpt":{"rendered":"<p>L&rsquo;atelier Situ\u00e9 \u00e0 Steinsel \u00e0 quelques minutes de la capitale et proche [&hellip;]<\/p>\n","protected":false},"author":1,"featured_media":0,"parent":0,"menu_order":0,"comment_status":"closed","ping_status":"closed","template":"","meta":{"footnotes":""},"class_list":["post-375","page","type-page","status-publish","hentry"],"yoast_head":"<!-- This site is optimized with the Yoast SEO plugin v27.6 - https:\/\/yoast.com\/product\/yoast-seo-wordpress\/ -->\n<title>\u00e0 propos - Christine Franck<\/title>\n<meta name=\"robots\" content=\"index, follow, max-snippet:-1, max-image-preview:large, max-video-preview:-1\" \/>\n<link rel=\"canonical\" href=\"https:\/\/www.maquette.lu\/de\/atelier\/\" \/>\n<meta property=\"og:locale\" content=\"de_DE\" \/>\n<meta property=\"og:type\" content=\"article\" \/>\n<meta property=\"og:title\" content=\"\u00e0 propos - Christine Franck\" \/>\n<meta property=\"og:description\" content=\"L&rsquo;atelier Situ\u00e9 \u00e0 Steinsel \u00e0 quelques minutes de la capitale et proche [&hellip;]\" \/>\n<meta property=\"og:url\" content=\"https:\/\/www.maquette.lu\/de\/atelier\/\" \/>\n<meta property=\"og:site_name\" content=\"Christine Franck\" \/>\n<meta property=\"article:publisher\" content=\"https:\/\/www.facebook.com\/pages\/category\/Professional-Service\/Atelier-de-maquettes-Christine-Franck-629545710555839\/\" \/>\n<meta property=\"article:modified_time\" content=\"2021-05-18T13:26:38+00:00\" \/>\n<meta name=\"twitter:card\" content=\"summary_large_image\" \/>\n<meta name=\"twitter:label1\" content=\"Gesch\u00e4tzte Lesezeit\" \/>\n\t<meta name=\"twitter:data1\" content=\"2\u00a0Minuten\" \/>\n<script type=\"application\/ld+json\" class=\"yoast-schema-graph\">{\"@context\":\"https:\\\/\\\/schema.org\",\"@graph\":[{\"@type\":\"WebPage\",\"@id\":\"https:\\\/\\\/www.maquette.lu\\\/atelier\\\/\",\"url\":\"https:\\\/\\\/www.maquette.lu\\\/atelier\\\/\",\"name\":\"\u00e0 propos - Christine Franck\",\"isPartOf\":{\"@id\":\"https:\\\/\\\/www.maquette.lu\\\/#website\"},\"datePublished\":\"2016-07-13T14:07:29+00:00\",\"dateModified\":\"2021-05-18T13:26:38+00:00\",\"breadcrumb\":{\"@id\":\"https:\\\/\\\/www.maquette.lu\\\/atelier\\\/#breadcrumb\"},\"inLanguage\":\"de\",\"potentialAction\":[{\"@type\":\"ReadAction\",\"target\":[\"https:\\\/\\\/www.maquette.lu\\\/atelier\\\/\"]}]},{\"@type\":\"BreadcrumbList\",\"@id\":\"https:\\\/\\\/www.maquette.lu\\\/atelier\\\/#breadcrumb\",\"itemListElement\":[{\"@type\":\"ListItem\",\"position\":1,\"name\":\"Accueil\",\"item\":\"https:\\\/\\\/www.maquette.lu\\\/\"},{\"@type\":\"ListItem\",\"position\":2,\"name\":\"\u00e0 propos\"}]},{\"@type\":\"WebSite\",\"@id\":\"https:\\\/\\\/www.maquette.lu\\\/#website\",\"url\":\"https:\\\/\\\/www.maquette.lu\\\/\",\"name\":\"Atelier de Maquettes Christine Franck\",\"description\":\"- Maquettiste, Luxembourg\",\"publisher\":{\"@id\":\"https:\\\/\\\/www.maquette.lu\\\/#organization\"},\"potentialAction\":[{\"@type\":\"SearchAction\",\"target\":{\"@type\":\"EntryPoint\",\"urlTemplate\":\"https:\\\/\\\/www.maquette.lu\\\/?s={search_term_string}\"},\"query-input\":{\"@type\":\"PropertyValueSpecification\",\"valueRequired\":true,\"valueName\":\"search_term_string\"}}],\"inLanguage\":\"de\"},{\"@type\":\"Organization\",\"@id\":\"https:\\\/\\\/www.maquette.lu\\\/#organization\",\"name\":\"Atelier de Maquettes Christine Franck\",\"url\":\"https:\\\/\\\/www.maquette.lu\\\/\",\"logo\":{\"@type\":\"ImageObject\",\"inLanguage\":\"de\",\"@id\":\"https:\\\/\\\/www.maquette.lu\\\/#\\\/schema\\\/logo\\\/image\\\/\",\"url\":\"https:\\\/\\\/www.maquette.lu\\\/wp-content\\\/uploads\\\/2016\\\/07\\\/BGL_olivier_minaire2.jpg\",\"contentUrl\":\"https:\\\/\\\/www.maquette.lu\\\/wp-content\\\/uploads\\\/2016\\\/07\\\/BGL_olivier_minaire2.jpg\",\"width\":1020,\"height\":680,\"caption\":\"Atelier de Maquettes Christine Franck\"},\"image\":{\"@id\":\"https:\\\/\\\/www.maquette.lu\\\/#\\\/schema\\\/logo\\\/image\\\/\"},\"sameAs\":[\"https:\\\/\\\/www.facebook.com\\\/pages\\\/category\\\/Professional-Service\\\/Atelier-de-maquettes-Christine-Franck-629545710555839\\\/\",\"https:\\\/\\\/www.instagram.com\\\/accounts\\\/login\\\/\"]}]}<\/script>\n<!-- \/ Yoast SEO plugin. -->","yoast_head_json":{"title":"\u00e0 propos - Christine Franck","robots":{"index":"index","follow":"follow","max-snippet":"max-snippet:-1","max-image-preview":"max-image-preview:large","max-video-preview":"max-video-preview:-1"},"canonical":"https:\/\/www.maquette.lu\/de\/atelier\/","og_locale":"de_DE","og_type":"article","og_title":"\u00e0 propos - Christine Franck","og_description":"L&rsquo;atelier Situ\u00e9 \u00e0 Steinsel \u00e0 quelques minutes de la capitale et proche [&hellip;]","og_url":"https:\/\/www.maquette.lu\/de\/atelier\/","og_site_name":"Christine Franck","article_publisher":"https:\/\/www.facebook.com\/pages\/category\/Professional-Service\/Atelier-de-maquettes-Christine-Franck-629545710555839\/","article_modified_time":"2021-05-18T13:26:38+00:00","twitter_card":"summary_large_image","twitter_misc":{"Gesch\u00e4tzte Lesezeit":"2\u00a0Minuten"},"schema":{"@context":"https:\/\/schema.org","@graph":[{"@type":"WebPage","@id":"https:\/\/www.maquette.lu\/atelier\/","url":"https:\/\/www.maquette.lu\/atelier\/","name":"\u00e0 propos - Christine Franck","isPartOf":{"@id":"https:\/\/www.maquette.lu\/#website"},"datePublished":"2016-07-13T14:07:29+00:00","dateModified":"2021-05-18T13:26:38+00:00","breadcrumb":{"@id":"https:\/\/www.maquette.lu\/atelier\/#breadcrumb"},"inLanguage":"de","potentialAction":[{"@type":"ReadAction","target":["https:\/\/www.maquette.lu\/atelier\/"]}]},{"@type":"BreadcrumbList","@id":"https:\/\/www.maquette.lu\/atelier\/#breadcrumb","itemListElement":[{"@type":"ListItem","position":1,"name":"Accueil","item":"https:\/\/www.maquette.lu\/"},{"@type":"ListItem","position":2,"name":"\u00e0 propos"}]},{"@type":"WebSite","@id":"https:\/\/www.maquette.lu\/#website","url":"https:\/\/www.maquette.lu\/","name":"Atelier de Maquettes Christine Franck","description":"- Maquettiste, Luxembourg","publisher":{"@id":"https:\/\/www.maquette.lu\/#organization"},"potentialAction":[{"@type":"SearchAction","target":{"@type":"EntryPoint","urlTemplate":"https:\/\/www.maquette.lu\/?s={search_term_string}"},"query-input":{"@type":"PropertyValueSpecification","valueRequired":true,"valueName":"search_term_string"}}],"inLanguage":"de"},{"@type":"Organization","@id":"https:\/\/www.maquette.lu\/#organization","name":"Atelier de Maquettes Christine Franck","url":"https:\/\/www.maquette.lu\/","logo":{"@type":"ImageObject","inLanguage":"de","@id":"https:\/\/www.maquette.lu\/#\/schema\/logo\/image\/","url":"https:\/\/www.maquette.lu\/wp-content\/uploads\/2016\/07\/BGL_olivier_minaire2.jpg","contentUrl":"https:\/\/www.maquette.lu\/wp-content\/uploads\/2016\/07\/BGL_olivier_minaire2.jpg","width":1020,"height":680,"caption":"Atelier de Maquettes Christine Franck"},"image":{"@id":"https:\/\/www.maquette.lu\/#\/schema\/logo\/image\/"},"sameAs":["https:\/\/www.facebook.com\/pages\/category\/Professional-Service\/Atelier-de-maquettes-Christine-Franck-629545710555839\/","https:\/\/www.instagram.com\/accounts\/login\/"]}]}},"jetpack_sharing_enabled":true,"_links":{"self":[{"href":"https:\/\/www.maquette.lu\/de\/wp-json\/wp\/v2\/pages\/375","targetHints":{"allow":["GET"]}}],"collection":[{"href":"https:\/\/www.maquette.lu\/de\/wp-json\/wp\/v2\/pages"}],"about":[{"href":"https:\/\/www.maquette.lu\/de\/wp-json\/wp\/v2\/types\/page"}],"author":[{"embeddable":true,"href":"https:\/\/www.maquette.lu\/de\/wp-json\/wp\/v2\/users\/1"}],"replies":[{"embeddable":true,"href":"https:\/\/www.maquette.lu\/de\/wp-json\/wp\/v2\/comments?post=375"}],"version-history":[{"count":1,"href":"https:\/\/www.maquette.lu\/de\/wp-json\/wp\/v2\/pages\/375\/revisions"}],"predecessor-version":[{"id":647,"href":"https:\/\/www.maquette.lu\/de\/wp-json\/wp\/v2\/pages\/375\/revisions\/647"}],"wp:attachment":[{"href":"https:\/\/www.maquette.lu\/de\/wp-json\/wp\/v2\/media?parent=375"}],"curies":[{"name":"wp","href":"https:\/\/api.w.org\/{rel}","templated":true}]}}