{"id":6,"date":"2016-05-05T16:05:25","date_gmt":"2016-05-05T14:05:25","guid":{"rendered":"http:\/\/www.maquette.lu\/?page_id=6"},"modified":"2021-05-18T15:52:16","modified_gmt":"2021-05-18T13:52:16","slug":"projet","status":"publish","type":"page","link":"https:\/\/www.maquette.lu\/de\/projet\/","title":{"rendered":"Projekte"},"content":{"rendered":"<div class=\"csRow\">\n<div class=\"csColumnGap\" style=\"margin: 0px; padding: 0px; float: left; width: 1.56%;\"><img data-recalc-dims=\"1\" decoding=\"async\" style=\"border: none;\" data-src=\"https:\/\/i0.wp.com\/www.maquette.lu\/wp-content\/plugins\/advanced-wp-columns\/assets\/js\/plugins\/views\/img\/1x1-pixel.png?w=1170\" src=\"data:image\/svg+xml;base64,PHN2ZyB3aWR0aD0iMSIgaGVpZ2h0PSIxIiB4bWxucz0iaHR0cDovL3d3dy53My5vcmcvMjAwMC9zdmciPjwvc3ZnPg==\" class=\"lazyload\"><\/div>\n<div class=\"csColumn\" style=\"margin: 0px; padding: 0px; float: left; width: 31.3%;\" data-csstartpoint=\"15\" data-csendpoint=\"315\" data-cswidth=\"31.3%\" data-csid=\"e5bc1e7e-72cb-9cb1-85f5-1ab0d6c3727c\">\n<h4 style=\"text-align: center;\">Industriegeb\u00e4ude<\/h4>\n<p><a href=\"http:\/\/www.maquette.lu\/de\/batiments-industrielles\/\"><img data-recalc-dims=\"1\" decoding=\"async\" style=\"--smush-placeholder-width: 150px; --smush-placeholder-aspect-ratio: 150\/150;display: block; margin-left: auto; margin-right: auto;\" data-src=\"https:\/\/i0.wp.com\/www.maquette.lu\/wp-content\/uploads\/2016\/07\/CFL3-150x150.jpg?resize=150%2C150\" alt=\"\" width=\"150\" height=\"150\" src=\"data:image\/svg+xml;base64,PHN2ZyB3aWR0aD0iMSIgaGVpZ2h0PSIxIiB4bWxucz0iaHR0cDovL3d3dy53My5vcmcvMjAwMC9zdmciPjwvc3ZnPg==\" class=\"lazyload\"><\/a><\/p>\n<\/div>\n<div class=\"csColumnGap\" style=\"margin: 0px; padding: 0px; float: left; width: 1.56%;\"><img data-recalc-dims=\"1\" decoding=\"async\" style=\"border: none;\" data-src=\"https:\/\/i0.wp.com\/www.maquette.lu\/wp-content\/plugins\/advanced-wp-columns\/assets\/js\/plugins\/views\/img\/1x1-pixel.png?w=1170\" src=\"data:image\/svg+xml;base64,PHN2ZyB3aWR0aD0iMSIgaGVpZ2h0PSIxIiB4bWxucz0iaHR0cDovL3d3dy53My5vcmcvMjAwMC9zdmciPjwvc3ZnPg==\" class=\"lazyload\"><\/div>\n<div class=\"csColumn\" style=\"margin: 0px; padding: 0px; float: left; width: 31.3%;\" data-csstartpoint=\"330\" data-csendpoint=\"630\" data-cswidth=\"31.3%\" data-csid=\"d3366050-59b6-81c3-8d71-1e99d4eb6f3d\">\n<h4 style=\"text-align: center;\">B\u00e2timents&nbsp;publiques<\/h4>\n<p><a href=\"http:\/\/www.maquette.lu\/de\/batiments-publiques\/\"><img data-recalc-dims=\"1\" decoding=\"async\" style=\"--smush-placeholder-width: 150px; --smush-placeholder-aspect-ratio: 150\/150;display: block; margin-left: auto; margin-right: auto;\" data-src=\"https:\/\/i0.wp.com\/www.maquette.lu\/wp-content\/uploads\/2016\/07\/CGFP2-150x150.jpg?resize=150%2C150\" alt=\"\" width=\"150\" height=\"150\" src=\"data:image\/svg+xml;base64,PHN2ZyB3aWR0aD0iMSIgaGVpZ2h0PSIxIiB4bWxucz0iaHR0cDovL3d3dy53My5vcmcvMjAwMC9zdmciPjwvc3ZnPg==\" class=\"lazyload\"><\/a><\/p>\n<\/div>\n<div class=\"csColumnGap\" style=\"margin: 0px; padding: 0px; float: left; width: 1.56%;\"><img data-recalc-dims=\"1\" decoding=\"async\" style=\"border: none;\" data-src=\"https:\/\/i0.wp.com\/www.maquette.lu\/wp-content\/plugins\/advanced-wp-columns\/assets\/js\/plugins\/views\/img\/1x1-pixel.png?w=1170\" src=\"data:image\/svg+xml;base64,PHN2ZyB3aWR0aD0iMSIgaGVpZ2h0PSIxIiB4bWxucz0iaHR0cDovL3d3dy53My5vcmcvMjAwMC9zdmciPjwvc3ZnPg==\" class=\"lazyload\"><\/div>\n<div class=\"csColumn\" style=\"margin: 0px; padding: 0px; float: left; width: 31.3%;\" data-csstartpoint=\"645\" data-csendpoint=\"945\" data-cswidth=\"31.3%\" data-csid=\"27180bdb-e64d-9bc7-bca6-d721e7eae29c\">\n<h4 style=\"text-align: center;\">Wohnungen<\/h4>\n<p><a href=\"http:\/\/www.maquette.lu\/de\/residences\/\"><img data-recalc-dims=\"1\" decoding=\"async\" style=\"--smush-placeholder-width: 150px; --smush-placeholder-aspect-ratio: 150\/150;display: block; margin-left: auto; margin-right: auto;\" data-src=\"https:\/\/i0.wp.com\/www.maquette.lu\/wp-content\/uploads\/2016\/07\/ArendFischbach_Bonnevoie4-150x150.jpg?resize=150%2C150\" alt=\"\" width=\"150\" height=\"150\" src=\"data:image\/svg+xml;base64,PHN2ZyB3aWR0aD0iMSIgaGVpZ2h0PSIxIiB4bWxucz0iaHR0cDovL3d3dy53My5vcmcvMjAwMC9zdmciPjwvc3ZnPg==\" class=\"lazyload\"><\/a><\/p>\n<\/div>\n<\/div>\n<div class=\"csRow\">\n<div class=\"csColumnGap\" style=\"margin: 0px; padding: 0px; float: left; width: 1.56%;\"><img data-recalc-dims=\"1\" decoding=\"async\" style=\"border: none;\" data-src=\"https:\/\/i0.wp.com\/www.maquette.lu\/wp-content\/plugins\/advanced-wp-columns\/assets\/js\/plugins\/views\/img\/1x1-pixel.png?w=1170\" src=\"data:image\/svg+xml;base64,PHN2ZyB3aWR0aD0iMSIgaGVpZ2h0PSIxIiB4bWxucz0iaHR0cDovL3d3dy53My5vcmcvMjAwMC9zdmciPjwvc3ZnPg==\" class=\"lazyload\"><\/div>\n<div class=\"csColumn\" style=\"margin: 0px; padding: 0px; float: left; width: 31.3%;\" data-csstartpoint=\"15\" data-csendpoint=\"315\" data-cswidth=\"31.3%\" data-csid=\"95080cef-81f6-fef9-87ff-b79962b299f0\">\n<h4 style=\"text-align: center;\"><\/h4>\n<h4 style=\"text-align: center;\">B\u00fcrogeb\u00e4ude<\/h4>\n<p><a href=\"http:\/\/www.maquette.lu\/de\/immeuble-de-bureaux\/\"><img data-recalc-dims=\"1\" decoding=\"async\" class=\"size-thumbnail wp-image-334 aligncenter lazyload\" data-src=\"https:\/\/i0.wp.com\/www.maquette.lu\/wp-content\/uploads\/2016\/07\/BGL_olivier_minaire2-150x150.jpg?resize=150%2C150\" alt=\"BGL_olivier_minaire2\" width=\"150\" height=\"150\" data-srcset=\"https:\/\/i0.wp.com\/www.maquette.lu\/wp-content\/uploads\/2016\/07\/BGL_olivier_minaire2.jpg?resize=150%2C150&amp;ssl=1 150w, https:\/\/i0.wp.com\/www.maquette.lu\/wp-content\/uploads\/2016\/07\/BGL_olivier_minaire2.jpg?zoom=2&amp;resize=150%2C150&amp;ssl=1 300w, https:\/\/i0.wp.com\/www.maquette.lu\/wp-content\/uploads\/2016\/07\/BGL_olivier_minaire2.jpg?zoom=3&amp;resize=150%2C150&amp;ssl=1 450w\" data-sizes=\"(max-width: 150px) 100vw, 150px\" src=\"data:image\/svg+xml;base64,PHN2ZyB3aWR0aD0iMSIgaGVpZ2h0PSIxIiB4bWxucz0iaHR0cDovL3d3dy53My5vcmcvMjAwMC9zdmciPjwvc3ZnPg==\" style=\"--smush-placeholder-width: 150px; --smush-placeholder-aspect-ratio: 150\/150;\" \/><\/a><\/p>\n<\/div>\n<div class=\"csColumnGap\" style=\"margin: 0px; padding: 0px; float: left; width: 1.56%;\"><img data-recalc-dims=\"1\" decoding=\"async\" style=\"border: none;\" data-src=\"https:\/\/i0.wp.com\/www.maquette.lu\/wp-content\/plugins\/advanced-wp-columns\/assets\/js\/plugins\/views\/img\/1x1-pixel.png?w=1170\" src=\"data:image\/svg+xml;base64,PHN2ZyB3aWR0aD0iMSIgaGVpZ2h0PSIxIiB4bWxucz0iaHR0cDovL3d3dy53My5vcmcvMjAwMC9zdmciPjwvc3ZnPg==\" class=\"lazyload\"><\/div>\n<div class=\"csColumn\" style=\"margin: 0px; padding: 0px; float: left; width: 31.3%;\" data-csstartpoint=\"330\" data-csendpoint=\"630\" data-cswidth=\"31.3%\" data-csid=\"c9e54f27-c68d-d2f9-9dd8-d026086672d6\">\n<h4 style=\"text-align: center;\"><\/h4>\n<h4 style=\"text-align: center;\">Wettbewerbsmodelle<\/h4>\n<p><a href=\"http:\/\/www.maquette.lu\/de\/maquettes-de-concours\/\"><img data-recalc-dims=\"1\" decoding=\"async\" class=\"size-thumbnail wp-image-337 aligncenter lazyload\" data-src=\"https:\/\/i0.wp.com\/www.maquette.lu\/wp-content\/uploads\/2016\/07\/Adidas-150x150.jpg?resize=150%2C150\" alt=\"Adidas\" width=\"150\" height=\"150\" data-srcset=\"https:\/\/i0.wp.com\/www.maquette.lu\/wp-content\/uploads\/2016\/07\/Adidas.jpg?resize=150%2C150&amp;ssl=1 150w, https:\/\/i0.wp.com\/www.maquette.lu\/wp-content\/uploads\/2016\/07\/Adidas.jpg?zoom=2&amp;resize=150%2C150&amp;ssl=1 300w, https:\/\/i0.wp.com\/www.maquette.lu\/wp-content\/uploads\/2016\/07\/Adidas.jpg?zoom=3&amp;resize=150%2C150&amp;ssl=1 450w\" data-sizes=\"(max-width: 150px) 100vw, 150px\" src=\"data:image\/svg+xml;base64,PHN2ZyB3aWR0aD0iMSIgaGVpZ2h0PSIxIiB4bWxucz0iaHR0cDovL3d3dy53My5vcmcvMjAwMC9zdmciPjwvc3ZnPg==\" style=\"--smush-placeholder-width: 150px; --smush-placeholder-aspect-ratio: 150\/150;\" \/><\/a><\/p>\n<\/div>\n<div class=\"csColumnGap\" style=\"margin: 0px; padding: 0px; float: left; width: 1.56%;\"><img data-recalc-dims=\"1\" decoding=\"async\" style=\"border: none;\" data-src=\"https:\/\/i0.wp.com\/www.maquette.lu\/wp-content\/plugins\/advanced-wp-columns\/assets\/js\/plugins\/views\/img\/1x1-pixel.png?w=1170\" src=\"data:image\/svg+xml;base64,PHN2ZyB3aWR0aD0iMSIgaGVpZ2h0PSIxIiB4bWxucz0iaHR0cDovL3d3dy53My5vcmcvMjAwMC9zdmciPjwvc3ZnPg==\" class=\"lazyload\"><\/div>\n<div class=\"csColumn\" style=\"margin: 0px; padding: 0px; float: left; width: 31.3%;\" data-csstartpoint=\"645\" data-csendpoint=\"945\" data-cswidth=\"31.3%\" data-csid=\"45a76382-d37c-15f6-abce-1cda869948dd\">\n<h4 style=\"text-align: center;\"><\/h4>\n<h4 style=\"text-align: center;\">Maquettes&nbsp;d&rsquo;\u00e9tudiant<\/h4>\n<p><a href=\"http:\/\/www.maquette.lu\/de\/maquettes-detudiant\/\"><img data-recalc-dims=\"1\" decoding=\"async\" class=\"size-thumbnail wp-image-336 aligncenter lazyload\" data-src=\"https:\/\/i0.wp.com\/www.maquette.lu\/wp-content\/uploads\/2016\/07\/Brugirard2-150x150.jpg?resize=150%2C150\" alt=\"Brugirard2\" width=\"150\" height=\"150\" data-srcset=\"https:\/\/i0.wp.com\/www.maquette.lu\/wp-content\/uploads\/2016\/07\/Brugirard2.jpg?resize=150%2C150&amp;ssl=1 150w, https:\/\/i0.wp.com\/www.maquette.lu\/wp-content\/uploads\/2016\/07\/Brugirard2.jpg?zoom=2&amp;resize=150%2C150&amp;ssl=1 300w, https:\/\/i0.wp.com\/www.maquette.lu\/wp-content\/uploads\/2016\/07\/Brugirard2.jpg?zoom=3&amp;resize=150%2C150&amp;ssl=1 450w\" data-sizes=\"(max-width: 150px) 100vw, 150px\" src=\"data:image\/svg+xml;base64,PHN2ZyB3aWR0aD0iMSIgaGVpZ2h0PSIxIiB4bWxucz0iaHR0cDovL3d3dy53My5vcmcvMjAwMC9zdmciPjwvc3ZnPg==\" style=\"--smush-placeholder-width: 150px; --smush-placeholder-aspect-ratio: 150\/150;\" \/><\/a><\/p>\n<\/div>\n<\/div>\n<div class=\"csRow\">\n<div class=\"csColumnGap\" style=\"margin: 0px; padding: 0px; float: left; width: 1.56%;\"><img data-recalc-dims=\"1\" decoding=\"async\" style=\"border: none;\" data-src=\"https:\/\/i0.wp.com\/www.maquette.lu\/wp-content\/plugins\/advanced-wp-columns\/assets\/js\/plugins\/views\/img\/1x1-pixel.png?w=1170\" src=\"data:image\/svg+xml;base64,PHN2ZyB3aWR0aD0iMSIgaGVpZ2h0PSIxIiB4bWxucz0iaHR0cDovL3d3dy53My5vcmcvMjAwMC9zdmciPjwvc3ZnPg==\" class=\"lazyload\"><\/div>\n<div class=\"csColumn\" style=\"margin: 0px; padding: 0px; float: left; width: 31.3%;\" data-csstartpoint=\"15\" data-csendpoint=\"315\" data-cswidth=\"31.3%\" data-csid=\"b77dbe38-7b8a-24c9-9551-9db4b82b3fdc\">\n<h4 style=\"text-align: center;\"><\/h4>\n<h4 style=\"text-align: center;\">Maquettes&nbsp;\u00e9ducatives<\/h4>\n<p><a href=\"http:\/\/www.maquette.lu\/de\/maquettes-educatives\/\"><img data-recalc-dims=\"1\" decoding=\"async\" class=\"size-thumbnail wp-image-352 aligncenter lazyload\" data-src=\"https:\/\/i0.wp.com\/www.maquette.lu\/wp-content\/uploads\/2016\/07\/P1000602-150x150.jpg?resize=150%2C150\" alt=\"P1000602\" width=\"150\" height=\"150\" data-srcset=\"https:\/\/i0.wp.com\/www.maquette.lu\/wp-content\/uploads\/2016\/07\/P1000602.jpg?resize=150%2C150&amp;ssl=1 150w, https:\/\/i0.wp.com\/www.maquette.lu\/wp-content\/uploads\/2016\/07\/P1000602.jpg?zoom=2&amp;resize=150%2C150&amp;ssl=1 300w, https:\/\/i0.wp.com\/www.maquette.lu\/wp-content\/uploads\/2016\/07\/P1000602.jpg?zoom=3&amp;resize=150%2C150&amp;ssl=1 450w\" data-sizes=\"(max-width: 150px) 100vw, 150px\" src=\"data:image\/svg+xml;base64,PHN2ZyB3aWR0aD0iMSIgaGVpZ2h0PSIxIiB4bWxucz0iaHR0cDovL3d3dy53My5vcmcvMjAwMC9zdmciPjwvc3ZnPg==\" style=\"--smush-placeholder-width: 150px; --smush-placeholder-aspect-ratio: 150\/150;\" \/><\/a><\/p>\n<p>&nbsp;<\/p>\n<\/div>\n<div class=\"csColumnGap\" style=\"margin: 0px; padding: 0px; float: left; width: 1.56%;\"><img data-recalc-dims=\"1\" decoding=\"async\" style=\"border: none;\" data-src=\"https:\/\/i0.wp.com\/www.maquette.lu\/wp-content\/plugins\/advanced-wp-columns\/assets\/js\/plugins\/views\/img\/1x1-pixel.png?w=1170\" src=\"data:image\/svg+xml;base64,PHN2ZyB3aWR0aD0iMSIgaGVpZ2h0PSIxIiB4bWxucz0iaHR0cDovL3d3dy53My5vcmcvMjAwMC9zdmciPjwvc3ZnPg==\" class=\"lazyload\"><\/div>\n<div class=\"csColumn\" style=\"margin: 0px; padding: 0px; float: left; width: 31.3%;\" data-csstartpoint=\"330\" data-csendpoint=\"630\" data-cswidth=\"31.3%\" data-csid=\"c14393dc-b2bb-0b1d-ab48-77ab81f20d1f\">\n<h4 style=\"text-align: center;\"><\/h4>\n<h4 style=\"text-align: center;\">diverse Projekte<\/h4>\n<p><a href=\"http:\/\/www.maquette.lu\/de\/projets-speciaux\/\"><img data-recalc-dims=\"1\" decoding=\"async\" class=\"size-thumbnail wp-image-338 aligncenter lazyload\" data-src=\"https:\/\/i0.wp.com\/www.maquette.lu\/wp-content\/uploads\/2016\/07\/sat-150x150.jpg?resize=150%2C150\" alt=\"sat\" width=\"150\" height=\"150\" data-srcset=\"https:\/\/i0.wp.com\/www.maquette.lu\/wp-content\/uploads\/2016\/07\/sat.jpg?resize=150%2C150&amp;ssl=1 150w, https:\/\/i0.wp.com\/www.maquette.lu\/wp-content\/uploads\/2016\/07\/sat.jpg?zoom=2&amp;resize=150%2C150&amp;ssl=1 300w, https:\/\/i0.wp.com\/www.maquette.lu\/wp-content\/uploads\/2016\/07\/sat.jpg?zoom=3&amp;resize=150%2C150&amp;ssl=1 450w\" data-sizes=\"(max-width: 150px) 100vw, 150px\" src=\"data:image\/svg+xml;base64,PHN2ZyB3aWR0aD0iMSIgaGVpZ2h0PSIxIiB4bWxucz0iaHR0cDovL3d3dy53My5vcmcvMjAwMC9zdmciPjwvc3ZnPg==\" style=\"--smush-placeholder-width: 150px; --smush-placeholder-aspect-ratio: 150\/150;\" \/><\/a><\/p>\n<\/div>\n<div class=\"csColumnGap\" style=\"margin: 0px; padding: 0px; float: left; width: 1.56%;\"><img data-recalc-dims=\"1\" decoding=\"async\" style=\"border: none;\" data-src=\"https:\/\/i0.wp.com\/www.maquette.lu\/wp-content\/plugins\/advanced-wp-columns\/assets\/js\/plugins\/views\/img\/1x1-pixel.png?w=1170\" src=\"data:image\/svg+xml;base64,PHN2ZyB3aWR0aD0iMSIgaGVpZ2h0PSIxIiB4bWxucz0iaHR0cDovL3d3dy53My5vcmcvMjAwMC9zdmciPjwvc3ZnPg==\" class=\"lazyload\"><\/div>\n<div class=\"csColumn\" style=\"margin: 0px; padding: 0px; float: left; width: 31.3%;\" data-csstartpoint=\"645\" data-csendpoint=\"945\" data-cswidth=\"31.3%\" data-csid=\"b98d5407-9185-3afc-9d6b-111a54c23246\">\n<h4 style=\"text-align: center;\"><\/h4>\n<h4 style=\"text-align: center;\">Urbanismus<\/h4>\n<p><a href=\"http:\/\/www.maquette.lu\/de\/urbanisme\/\"><img data-recalc-dims=\"1\" decoding=\"async\" style=\"--smush-placeholder-width: 150px; --smush-placeholder-aspect-ratio: 150\/150;display: block; margin-left: auto; margin-right: auto;\" data-src=\"https:\/\/i0.wp.com\/www.maquette.lu\/wp-content\/uploads\/2016\/07\/Esch-Nonnewisen-150x150.jpg?resize=150%2C150\" alt=\"\" width=\"150\" height=\"150\" src=\"data:image\/svg+xml;base64,PHN2ZyB3aWR0aD0iMSIgaGVpZ2h0PSIxIiB4bWxucz0iaHR0cDovL3d3dy53My5vcmcvMjAwMC9zdmciPjwvc3ZnPg==\" class=\"lazyload\"><\/a><\/p>\n<\/div>\n<div class=\"csColumnGap\" style=\"margin: 0px; padding: 0px; float: left; width: 1.56%;\"><img data-recalc-dims=\"1\" decoding=\"async\" style=\"border: none;\" data-src=\"https:\/\/i0.wp.com\/www.maquette.lu\/wp-content\/plugins\/advanced-wp-columns\/assets\/js\/plugins\/views\/img\/1x1-pixel.png?w=1170\" src=\"data:image\/svg+xml;base64,PHN2ZyB3aWR0aD0iMSIgaGVpZ2h0PSIxIiB4bWxucz0iaHR0cDovL3d3dy53My5vcmcvMjAwMC9zdmciPjwvc3ZnPg==\" class=\"lazyload\"><\/div>\n<div style=\"clear: both; float: none; display: block; visibility: hidden; width: 0px; font-size: 0px; line-height: 0;\"><\/div>\n<\/div>\n<div class=\"csRow\">\n<div class=\"csColumn\" style=\"margin: 0px; padding: 0px; float: left; width: 31.3%;\" data-csstartpoint=\"645\" data-csendpoint=\"945\" data-cswidth=\"31.3%\" data-csid=\"45a76382-d37c-15f6-abce-1cda869948dd\"><\/div>\n<div class=\"csColumnGap\" style=\"margin: 0px; padding: 0px; float: left; width: 1.56%;\"><img data-recalc-dims=\"1\" decoding=\"async\" style=\"border: none;\" data-src=\"https:\/\/i0.wp.com\/www.maquette.lu\/wp-content\/plugins\/advanced-wp-columns\/assets\/js\/plugins\/views\/img\/1x1-pixel.png?w=1170\" src=\"data:image\/svg+xml;base64,PHN2ZyB3aWR0aD0iMSIgaGVpZ2h0PSIxIiB4bWxucz0iaHR0cDovL3d3dy53My5vcmcvMjAwMC9zdmciPjwvc3ZnPg==\" class=\"lazyload\"><\/div>\n<\/div>\n<p>&nbsp;<\/p>","protected":false},"excerpt":{"rendered":"<p>B\u00e2timents industrielles B\u00e2timents&nbsp;publiques Habitation Immeuble de bureaux Maquettes de concours Maquettes&nbsp;d&rsquo;\u00e9tudiant Maquettes&nbsp;\u00e9ducatives [&hellip;]<\/p>\n","protected":false},"author":1,"featured_media":0,"parent":0,"menu_order":0,"comment_status":"closed","ping_status":"closed","template":"page-templates\/page_fullwidth.php","meta":{"footnotes":""},"class_list":["post-6","page","type-page","status-publish","hentry"],"yoast_head":"<!-- This site is optimized with the Yoast SEO plugin v27.5 - https:\/\/yoast.com\/product\/yoast-seo-wordpress\/ -->\n<title>Projet - Christine Franck<\/title>\n<meta name=\"robots\" content=\"index, follow, max-snippet:-1, max-image-preview:large, max-video-preview:-1\" \/>\n<link rel=\"canonical\" href=\"https:\/\/www.maquette.lu\/de\/projet\/\" \/>\n<meta property=\"og:locale\" content=\"de_DE\" \/>\n<meta property=\"og:type\" content=\"article\" \/>\n<meta property=\"og:title\" content=\"Projet - Christine Franck\" \/>\n<meta property=\"og:description\" content=\"B\u00e2timents industrielles B\u00e2timents&nbsp;publiques Habitation Immeuble de bureaux Maquettes de concours Maquettes&nbsp;d&rsquo;\u00e9tudiant Maquettes&nbsp;\u00e9ducatives [&hellip;]\" \/>\n<meta property=\"og:url\" content=\"https:\/\/www.maquette.lu\/de\/projet\/\" \/>\n<meta property=\"og:site_name\" content=\"Christine Franck\" \/>\n<meta property=\"article:publisher\" content=\"https:\/\/www.facebook.com\/pages\/category\/Professional-Service\/Atelier-de-maquettes-Christine-Franck-629545710555839\/\" \/>\n<meta property=\"article:modified_time\" content=\"2021-05-18T13:52:16+00:00\" \/>\n<meta property=\"og:image\" content=\"http:\/\/www.maquette.lu\/wp-content\/plugins\/advanced-wp-columns\/assets\/js\/plugins\/views\/img\/1x1-pixel.png\" \/>\n<meta name=\"twitter:card\" content=\"summary_large_image\" \/>\n<meta name=\"twitter:label1\" content=\"Gesch\u00e4tzte Lesezeit\" \/>\n\t<meta name=\"twitter:data1\" content=\"5\u00a0Minuten\" \/>\n<script type=\"application\/ld+json\" class=\"yoast-schema-graph\">{\"@context\":\"https:\\\/\\\/schema.org\",\"@graph\":[{\"@type\":\"WebPage\",\"@id\":\"https:\\\/\\\/www.maquette.lu\\\/de\\\/projet\\\/\",\"url\":\"https:\\\/\\\/www.maquette.lu\\\/de\\\/projet\\\/\",\"name\":\"Projet - Christine Franck\",\"isPartOf\":{\"@id\":\"https:\\\/\\\/www.maquette.lu\\\/#website\"},\"primaryImageOfPage\":{\"@id\":\"https:\\\/\\\/www.maquette.lu\\\/de\\\/projet\\\/#primaryimage\"},\"image\":{\"@id\":\"https:\\\/\\\/www.maquette.lu\\\/de\\\/projet\\\/#primaryimage\"},\"thumbnailUrl\":\"http:\\\/\\\/www.maquette.lu\\\/wp-content\\\/plugins\\\/advanced-wp-columns\\\/assets\\\/js\\\/plugins\\\/views\\\/img\\\/1x1-pixel.png\",\"datePublished\":\"2016-05-05T14:05:25+00:00\",\"dateModified\":\"2021-05-18T13:52:16+00:00\",\"breadcrumb\":{\"@id\":\"https:\\\/\\\/www.maquette.lu\\\/de\\\/projet\\\/#breadcrumb\"},\"inLanguage\":\"de\",\"potentialAction\":[{\"@type\":\"ReadAction\",\"target\":[\"https:\\\/\\\/www.maquette.lu\\\/de\\\/projet\\\/\"]}]},{\"@type\":\"ImageObject\",\"inLanguage\":\"de\",\"@id\":\"https:\\\/\\\/www.maquette.lu\\\/de\\\/projet\\\/#primaryimage\",\"url\":\"http:\\\/\\\/www.maquette.lu\\\/wp-content\\\/plugins\\\/advanced-wp-columns\\\/assets\\\/js\\\/plugins\\\/views\\\/img\\\/1x1-pixel.png\",\"contentUrl\":\"http:\\\/\\\/www.maquette.lu\\\/wp-content\\\/plugins\\\/advanced-wp-columns\\\/assets\\\/js\\\/plugins\\\/views\\\/img\\\/1x1-pixel.png\"},{\"@type\":\"BreadcrumbList\",\"@id\":\"https:\\\/\\\/www.maquette.lu\\\/de\\\/projet\\\/#breadcrumb\",\"itemListElement\":[{\"@type\":\"ListItem\",\"position\":1,\"name\":\"Accueil\",\"item\":\"https:\\\/\\\/www.maquette.lu\\\/\"},{\"@type\":\"ListItem\",\"position\":2,\"name\":\"Projet\"}]},{\"@type\":\"WebSite\",\"@id\":\"https:\\\/\\\/www.maquette.lu\\\/#website\",\"url\":\"https:\\\/\\\/www.maquette.lu\\\/\",\"name\":\"Atelier de Maquettes Christine Franck\",\"description\":\"- Maquettiste, Luxembourg\",\"publisher\":{\"@id\":\"https:\\\/\\\/www.maquette.lu\\\/#organization\"},\"potentialAction\":[{\"@type\":\"SearchAction\",\"target\":{\"@type\":\"EntryPoint\",\"urlTemplate\":\"https:\\\/\\\/www.maquette.lu\\\/?s={search_term_string}\"},\"query-input\":{\"@type\":\"PropertyValueSpecification\",\"valueRequired\":true,\"valueName\":\"search_term_string\"}}],\"inLanguage\":\"de\"},{\"@type\":\"Organization\",\"@id\":\"https:\\\/\\\/www.maquette.lu\\\/#organization\",\"name\":\"Atelier de Maquettes Christine Franck\",\"url\":\"https:\\\/\\\/www.maquette.lu\\\/\",\"logo\":{\"@type\":\"ImageObject\",\"inLanguage\":\"de\",\"@id\":\"https:\\\/\\\/www.maquette.lu\\\/#\\\/schema\\\/logo\\\/image\\\/\",\"url\":\"https:\\\/\\\/www.maquette.lu\\\/wp-content\\\/uploads\\\/2016\\\/07\\\/BGL_olivier_minaire2.jpg\",\"contentUrl\":\"https:\\\/\\\/www.maquette.lu\\\/wp-content\\\/uploads\\\/2016\\\/07\\\/BGL_olivier_minaire2.jpg\",\"width\":1020,\"height\":680,\"caption\":\"Atelier de Maquettes Christine Franck\"},\"image\":{\"@id\":\"https:\\\/\\\/www.maquette.lu\\\/#\\\/schema\\\/logo\\\/image\\\/\"},\"sameAs\":[\"https:\\\/\\\/www.facebook.com\\\/pages\\\/category\\\/Professional-Service\\\/Atelier-de-maquettes-Christine-Franck-629545710555839\\\/\",\"https:\\\/\\\/www.instagram.com\\\/accounts\\\/login\\\/\"]}]}<\/script>\n<!-- \/ Yoast SEO plugin. -->","yoast_head_json":{"title":"Projet - Christine Franck","robots":{"index":"index","follow":"follow","max-snippet":"max-snippet:-1","max-image-preview":"max-image-preview:large","max-video-preview":"max-video-preview:-1"},"canonical":"https:\/\/www.maquette.lu\/de\/projet\/","og_locale":"de_DE","og_type":"article","og_title":"Projet - Christine Franck","og_description":"B\u00e2timents industrielles B\u00e2timents&nbsp;publiques Habitation Immeuble de bureaux Maquettes de concours Maquettes&nbsp;d&rsquo;\u00e9tudiant Maquettes&nbsp;\u00e9ducatives [&hellip;]","og_url":"https:\/\/www.maquette.lu\/de\/projet\/","og_site_name":"Christine Franck","article_publisher":"https:\/\/www.facebook.com\/pages\/category\/Professional-Service\/Atelier-de-maquettes-Christine-Franck-629545710555839\/","article_modified_time":"2021-05-18T13:52:16+00:00","og_image":[{"url":"http:\/\/www.maquette.lu\/wp-content\/plugins\/advanced-wp-columns\/assets\/js\/plugins\/views\/img\/1x1-pixel.png","type":"","width":"","height":""}],"twitter_card":"summary_large_image","twitter_misc":{"Gesch\u00e4tzte Lesezeit":"5\u00a0Minuten"},"schema":{"@context":"https:\/\/schema.org","@graph":[{"@type":"WebPage","@id":"https:\/\/www.maquette.lu\/de\/projet\/","url":"https:\/\/www.maquette.lu\/de\/projet\/","name":"Projet - Christine Franck","isPartOf":{"@id":"https:\/\/www.maquette.lu\/#website"},"primaryImageOfPage":{"@id":"https:\/\/www.maquette.lu\/de\/projet\/#primaryimage"},"image":{"@id":"https:\/\/www.maquette.lu\/de\/projet\/#primaryimage"},"thumbnailUrl":"http:\/\/www.maquette.lu\/wp-content\/plugins\/advanced-wp-columns\/assets\/js\/plugins\/views\/img\/1x1-pixel.png","datePublished":"2016-05-05T14:05:25+00:00","dateModified":"2021-05-18T13:52:16+00:00","breadcrumb":{"@id":"https:\/\/www.maquette.lu\/de\/projet\/#breadcrumb"},"inLanguage":"de","potentialAction":[{"@type":"ReadAction","target":["https:\/\/www.maquette.lu\/de\/projet\/"]}]},{"@type":"ImageObject","inLanguage":"de","@id":"https:\/\/www.maquette.lu\/de\/projet\/#primaryimage","url":"http:\/\/www.maquette.lu\/wp-content\/plugins\/advanced-wp-columns\/assets\/js\/plugins\/views\/img\/1x1-pixel.png","contentUrl":"http:\/\/www.maquette.lu\/wp-content\/plugins\/advanced-wp-columns\/assets\/js\/plugins\/views\/img\/1x1-pixel.png"},{"@type":"BreadcrumbList","@id":"https:\/\/www.maquette.lu\/de\/projet\/#breadcrumb","itemListElement":[{"@type":"ListItem","position":1,"name":"Accueil","item":"https:\/\/www.maquette.lu\/"},{"@type":"ListItem","position":2,"name":"Projet"}]},{"@type":"WebSite","@id":"https:\/\/www.maquette.lu\/#website","url":"https:\/\/www.maquette.lu\/","name":"Atelier de Maquettes Christine Franck","description":"- Maquettiste, Luxembourg","publisher":{"@id":"https:\/\/www.maquette.lu\/#organization"},"potentialAction":[{"@type":"SearchAction","target":{"@type":"EntryPoint","urlTemplate":"https:\/\/www.maquette.lu\/?s={search_term_string}"},"query-input":{"@type":"PropertyValueSpecification","valueRequired":true,"valueName":"search_term_string"}}],"inLanguage":"de"},{"@type":"Organization","@id":"https:\/\/www.maquette.lu\/#organization","name":"Atelier de Maquettes Christine Franck","url":"https:\/\/www.maquette.lu\/","logo":{"@type":"ImageObject","inLanguage":"de","@id":"https:\/\/www.maquette.lu\/#\/schema\/logo\/image\/","url":"https:\/\/www.maquette.lu\/wp-content\/uploads\/2016\/07\/BGL_olivier_minaire2.jpg","contentUrl":"https:\/\/www.maquette.lu\/wp-content\/uploads\/2016\/07\/BGL_olivier_minaire2.jpg","width":1020,"height":680,"caption":"Atelier de Maquettes Christine Franck"},"image":{"@id":"https:\/\/www.maquette.lu\/#\/schema\/logo\/image\/"},"sameAs":["https:\/\/www.facebook.com\/pages\/category\/Professional-Service\/Atelier-de-maquettes-Christine-Franck-629545710555839\/","https:\/\/www.instagram.com\/accounts\/login\/"]}]}},"jetpack_sharing_enabled":true,"_links":{"self":[{"href":"https:\/\/www.maquette.lu\/de\/wp-json\/wp\/v2\/pages\/6","targetHints":{"allow":["GET"]}}],"collection":[{"href":"https:\/\/www.maquette.lu\/de\/wp-json\/wp\/v2\/pages"}],"about":[{"href":"https:\/\/www.maquette.lu\/de\/wp-json\/wp\/v2\/types\/page"}],"author":[{"embeddable":true,"href":"https:\/\/www.maquette.lu\/de\/wp-json\/wp\/v2\/users\/1"}],"replies":[{"embeddable":true,"href":"https:\/\/www.maquette.lu\/de\/wp-json\/wp\/v2\/comments?post=6"}],"version-history":[{"count":1,"href":"https:\/\/www.maquette.lu\/de\/wp-json\/wp\/v2\/pages\/6\/revisions"}],"predecessor-version":[{"id":664,"href":"https:\/\/www.maquette.lu\/de\/wp-json\/wp\/v2\/pages\/6\/revisions\/664"}],"wp:attachment":[{"href":"https:\/\/www.maquette.lu\/de\/wp-json\/wp\/v2\/media?parent=6"}],"curies":[{"name":"wp","href":"https:\/\/api.w.org\/{rel}","templated":true}]}}